{"id":5900,"date":"2016-04-14T08:07:00","date_gmt":"2016-04-14T08:07:00","guid":{"rendered":"http:\/\/thim.staging.wpengine.com\/demo-vc-languages-school\/?page_id=5900"},"modified":"2023-07-10T16:12:16","modified_gmt":"2023-07-10T19:12:16","slug":"home-version-5","status":"publish","type":"page","link":"https:\/\/www.premiapao.com.br\/university\/","title":{"rendered":"PremiaP\u00e3o University"},"content":{"rendered":"<p>[vc_row full_width=&#8221;stretch_row_content_no_spaces&#8221;][vc_column][rev_slider_vc alias=&#8221;home-languages-school&#8221;][\/vc_column][\/vc_row][vc_row el_class=&#8221;thim-global-locations&#8221; css=&#8221;.vc_custom_1474599409571{margin-right: 0px !important;margin-bottom: 60px !important;margin-left: 0px !important;}&#8221;][vc_column width=&#8221;1\/3&#8243; css=&#8221;.vc_custom_1471709478576{padding-right: 0px !important;padding-left: 0px !important;}&#8221;]<div class=\"thim-widget-counters-box\"><div class=\"counter-box  number-left\" style=\" background-color:#febf28;\"><div class=\"content-box-percentage\">\r\n\t\t<div class=\"wrap-percentage\">\r\n\t\t<div class=\"display-percentage\" data-percentage=\"100\">100<\/div><div class=\"text_number\"><\/div><\/div><div class=\"counter-content-container\"><div class=\"counter-box-content\">Aprox. Aulas<\/div><a class=\"view-more\" href=\"#\">Saiba quais s\u00e3o<i class=\"fa fa-chevron-right\"><\/i><\/a><\/div><\/div><\/div><\/div>[\/vc_column][vc_column width=&#8221;1\/3&#8243; css=&#8221;.vc_custom_1471709692797{padding-right: 0px !important;padding-left: 0px !important;}&#8221;]<div class=\"thim-widget-counters-box\"><div class=\"counter-box  number-left\" style=\" background-color:#ffb605;\"><div class=\"content-box-percentage\">\r\n\t\t<div class=\"wrap-percentage\">\r\n\t\t<div class=\"display-percentage\" data-percentage=\"6\">6<\/div><div class=\"text_number\"><\/div><\/div><div class=\"counter-content-container\"><div class=\"counter-box-content\">Grandes Disciplinas<\/div><a class=\"view-more\" href=\"#\">Saiba Quais S\u00e3o<i class=\"fa fa-chevron-right\"><\/i><\/a><\/div><\/div><\/div><\/div>[\/vc_column][vc_column width=&#8221;1\/3&#8243; css=&#8221;.vc_custom_1471709705625{padding-right: 0px !important;padding-left: 0px !important;}&#8221;]<div class=\"thim-widget-counters-box\"><div class=\"counter-box  number-left\" style=\" background-color:#f0aa03;\"><div class=\"content-box-percentage\">\r\n\t\t<div class=\"wrap-percentage\">\r\n\t\t<div class=\"display-percentage\" data-percentage=\"900\">900<\/div><div class=\"text_number\"><\/div><\/div><div class=\"counter-content-container\"><div class=\"counter-box-content\">Minutos de Conte\u00fado<\/div><a class=\"view-more\" href=\"#\">Comece Agora!<i class=\"fa fa-chevron-right\"><\/i><\/a><\/div><\/div><\/div><\/div>[\/vc_column][\/vc_row][vc_row css=&#8221;.vc_custom_1474599138210{margin-top: 30px !important;margin-bottom: 60px !important;}&#8221;][vc_column]<div class=\"thim-widget-heading\"><div class=\"sc_heading   \"><h3 class=\"title\">Assista seus cursos abaixo:<\/h3><p class=\"sub-heading\" style=\"\">Tudo o que voc\u00ea precisa para ter sucesso na sua franquia, do b\u00e1sico ao avan\u00e7ado!<\/p><\/div><\/div><div class=\"thim-widget-courses\">    <div class=\"thim-carousel-wrapper thim-course-carousel thim-course-grid\" data-visible=\"\"\r\n         data-pagination=\"0\" data-navigation=\"true\" data-autoplay=\"0\">\r\n                    <div class=\"course-item\">\r\n\r\n                <div class=\"course-thumbnail\">\r\n                    <a href=\"https:\/\/www.premiapao.com.br\/university\/cursos\/curso-de-pre-visualizacao\/\">\r\n                        <img src=\"https:\/\/www.premiapao.com.br\/university\/wp-content\/uploads\/2018\/05\/demo_image-400x300.jpg\" alt=\"Curso de pr\u00e9-visualiza\u00e7\u00e3o\" title=\"demo_image\"  width=\"400\" height=\"300\">                    <\/a>\r\n                                        <a class=\"course-readmore\" href=\"https:\/\/www.premiapao.com.br\/university\/cursos\/curso-de-pre-visualizacao\/\">Saiba Mais<\/a>\r\n                <\/div>\r\n\r\n                <div class=\"thim-course-content\">\r\n                                            \n<span class=\"course-instructor\">\n\t<a href=\"\"><\/a><\/span>\n                        <h2 class=\"course-title\"><a href=\"https:\/\/www.premiapao.com.br\/university\/cursos\/curso-de-pre-visualizacao\/\" rel=\"bookmark\">Curso de pr\u00e9-visualiza\u00e7\u00e3o<\/a><\/h2>                        <div class=\"course-meta\">\r\n                            \n<span class=\"course-instructor\">\n\t<a href=\"\"><\/a><\/span>\n                                                        <div class=\"clearfix\"><\/div>\n<span class=\"course-students\">\n\n\t2\n<\/span>\n                                                                                <\/div>\r\n\r\n                        <div class=\"course-description\">\r\n                            <p><\/p>                        <\/div>\r\n                                                <div class=\"course-readmore\">\r\n                            <a href=\"https:\/\/www.premiapao.com.br\/university\/cursos\/curso-de-pre-visualizacao\/\">Saiba Mais<\/a>\r\n                        <\/div>\r\n                                    <\/div>\r\n\r\n            <\/div>\r\n                        <div class=\"course-item\">\r\n\r\n                <div class=\"course-thumbnail\">\r\n                    <a href=\"https:\/\/www.premiapao.com.br\/university\/cursos\/fundamentos-basicos\/\">\r\n                        <img src=\"https:\/\/www.premiapao.com.br\/university\/wp-content\/uploads\/2016\/04\/Fundamentos-b\u00e1sicos.png\" alt=\"Fundamentos B\u00e1sicos\" title=\"Fundamentos-basicos\"  width=\"400\" height=\"300\">                    <\/a>\r\n                                        <a class=\"course-readmore\" href=\"https:\/\/www.premiapao.com.br\/university\/cursos\/fundamentos-basicos\/\">Saiba Mais<\/a>\r\n                <\/div>\r\n\r\n                <div class=\"thim-course-content\">\r\n                                            \n<span class=\"course-instructor\">\n\t<a href=\"https:\/\/www.premiapao.com.br\/university\/instructor\/diretoria\/\">Diretores PremiaP\u00e3o<\/a><\/span>\n                        <h2 class=\"course-title\"><a href=\"https:\/\/www.premiapao.com.br\/university\/cursos\/fundamentos-basicos\/\" rel=\"bookmark\">Fundamentos B\u00e1sicos<\/a><\/h2>                        <div class=\"course-meta\">\r\n                            \n<span class=\"course-instructor\">\n\t<a href=\"https:\/\/www.premiapao.com.br\/university\/instructor\/diretoria\/\">Diretores PremiaP\u00e3o<\/a><\/span>\n                                                        <div class=\"clearfix\"><\/div>\n<span class=\"course-students\">\n\n\t193\n<\/span>\n                                                                                <\/div>\r\n\r\n                        <div class=\"course-description\">\r\n                            <p>Lorem Ipsum is simply dummy text of the printing and typesetting industry. Lorem Ipsum has been the industry\u2019s standard dummy text ever since the...<\/p>                        <\/div>\r\n                                                <div class=\"course-readmore\">\r\n                            <a href=\"https:\/\/www.premiapao.com.br\/university\/cursos\/fundamentos-basicos\/\">Saiba Mais<\/a>\r\n                        <\/div>\r\n                                    <\/div>\r\n\r\n            <\/div>\r\n                        <div class=\"course-item\">\r\n\r\n                <div class=\"course-thumbnail\">\r\n                    <a href=\"https:\/\/www.premiapao.com.br\/university\/cursos\/vendas-na-pratica\/\">\r\n                        <img src=\"https:\/\/www.premiapao.com.br\/university\/wp-content\/uploads\/2016\/04\/Vendas-na-pr\u00e1tica.png\" alt=\"Vendas Avan\u00e7adas\" title=\"Vendas-na-pr\u00e1tica\"  width=\"400\" height=\"300\">                    <\/a>\r\n                                        <a class=\"course-readmore\" href=\"https:\/\/www.premiapao.com.br\/university\/cursos\/vendas-na-pratica\/\">Saiba Mais<\/a>\r\n                <\/div>\r\n\r\n                <div class=\"thim-course-content\">\r\n                                            \n<span class=\"course-instructor\">\n\t<a href=\"https:\/\/www.premiapao.com.br\/university\/instructor\/diretoria\/\">Diretores PremiaP\u00e3o<\/a><\/span>\n                        <h2 class=\"course-title\"><a href=\"https:\/\/www.premiapao.com.br\/university\/cursos\/vendas-na-pratica\/\" rel=\"bookmark\">Vendas Avan\u00e7adas<\/a><\/h2>                        <div class=\"course-meta\">\r\n                            \n<span class=\"course-instructor\">\n\t<a href=\"https:\/\/www.premiapao.com.br\/university\/instructor\/diretoria\/\">Diretores PremiaP\u00e3o<\/a><\/span>\n                                                        <div class=\"clearfix\"><\/div>\n<span class=\"course-students\">\n\n\t240\n<\/span>\n                                                                                <\/div>\r\n\r\n                        <div class=\"course-description\">\r\n                            <p>Nesse curso voc\u00ea aprender\u00e1 o que grandes renomes de vendas ensinam. Desde o fundamental para criar uma base s\u00f3lida de clientes fi\u00e9is at\u00e9 t\u00e9cnicas...<\/p>                        <\/div>\r\n                                                <div class=\"course-readmore\">\r\n                            <a href=\"https:\/\/www.premiapao.com.br\/university\/cursos\/vendas-na-pratica\/\">Saiba Mais<\/a>\r\n                        <\/div>\r\n                                    <\/div>\r\n\r\n            <\/div>\r\n                        <div class=\"course-item\">\r\n\r\n                <div class=\"course-thumbnail\">\r\n                    <a href=\"https:\/\/www.premiapao.com.br\/university\/cursos\/dicas-sacadas-insights\/\">\r\n                        <img src=\"https:\/\/www.premiapao.com.br\/university\/wp-content\/uploads\/2016\/04\/Sacadas-e-insights-400x300.png\" alt=\"Sacadas e Insights\" title=\"Sacadas-e-insights\"  width=\"400\" height=\"300\">                    <\/a>\r\n                                        <a class=\"course-readmore\" href=\"https:\/\/www.premiapao.com.br\/university\/cursos\/dicas-sacadas-insights\/\">Saiba Mais<\/a>\r\n                <\/div>\r\n\r\n                <div class=\"thim-course-content\">\r\n                                            \n<span class=\"course-instructor\">\n\t<a href=\"https:\/\/www.premiapao.com.br\/university\/instructor\/diretoria\/\">Diretores PremiaP\u00e3o<\/a><\/span>\n                        <h2 class=\"course-title\"><a href=\"https:\/\/www.premiapao.com.br\/university\/cursos\/dicas-sacadas-insights\/\" rel=\"bookmark\">Sacadas e Insights<\/a><\/h2>                        <div class=\"course-meta\">\r\n                            \n<span class=\"course-instructor\">\n\t<a href=\"https:\/\/www.premiapao.com.br\/university\/instructor\/diretoria\/\">Diretores PremiaP\u00e3o<\/a><\/span>\n                                                        <div class=\"clearfix\"><\/div>\n<span class=\"course-students\">\n\n\t136\n<\/span>\n                                                                                <\/div>\r\n\r\n                        <div class=\"course-description\">\r\n                            <p>Dicas, Sacadas e Insights que, ao decorrer da carreira, os fundadores da PremiaP\u00e3o acumularam, aplicaram e obtiveram muito resultado!<\/p>                        <\/div>\r\n                                                <div class=\"course-readmore\">\r\n                            <a href=\"https:\/\/www.premiapao.com.br\/university\/cursos\/dicas-sacadas-insights\/\">Saiba Mais<\/a>\r\n                        <\/div>\r\n                                    <\/div>\r\n\r\n            <\/div>\r\n                        <div class=\"course-item\">\r\n\r\n                <div class=\"course-thumbnail\">\r\n                    <a href=\"https:\/\/www.premiapao.com.br\/university\/cursos\/marketing\/\">\r\n                        <img src=\"https:\/\/www.premiapao.com.br\/university\/wp-content\/uploads\/2016\/04\/Marketing-Digital-400x300.png\" alt=\"Marketing Digital\" title=\"Marketing-Digital\"  width=\"400\" height=\"300\">                    <\/a>\r\n                                        <a class=\"course-readmore\" href=\"https:\/\/www.premiapao.com.br\/university\/cursos\/marketing\/\">Saiba Mais<\/a>\r\n                <\/div>\r\n\r\n                <div class=\"thim-course-content\">\r\n                                            \n<span class=\"course-instructor\">\n\t<a href=\"https:\/\/www.premiapao.com.br\/university\/instructor\/diretoria\/\">Diretores PremiaP\u00e3o<\/a><\/span>\n                        <h2 class=\"course-title\"><a href=\"https:\/\/www.premiapao.com.br\/university\/cursos\/marketing\/\" rel=\"bookmark\">Marketing Digital<\/a><\/h2>                        <div class=\"course-meta\">\r\n                            \n<span class=\"course-instructor\">\n\t<a href=\"https:\/\/www.premiapao.com.br\/university\/instructor\/diretoria\/\">Diretores PremiaP\u00e3o<\/a><\/span>\n                                                        <div class=\"clearfix\"><\/div>\n<span class=\"course-students\">\n\n\t150\n<\/span>\n                                                                                <\/div>\r\n\r\n                        <div class=\"course-description\">\r\n                            <p>Marketing com t\u00e9cnicas aprendidas na pr\u00e1tica. Novas ferramentas\u00a0 e conte\u00fados que poucas pessoas tem acesso, ainda nos dias de hoje. Com eles voc\u00ea conseguir\u00e1...<\/p>                        <\/div>\r\n                                                <div class=\"course-readmore\">\r\n                            <a href=\"https:\/\/www.premiapao.com.br\/university\/cursos\/marketing\/\">Saiba Mais<\/a>\r\n                        <\/div>\r\n                                    <\/div>\r\n\r\n            <\/div>\r\n                        <div class=\"course-item\">\r\n\r\n                <div class=\"course-thumbnail\">\r\n                    <a href=\"https:\/\/www.premiapao.com.br\/university\/cursos\/mindset\/\">\r\n                        <img src=\"https:\/\/www.premiapao.com.br\/university\/wp-content\/uploads\/2016\/01\/Mindset-Avan\u00e7ado.png\" alt=\"Mindset Avan\u00e7ado\" title=\"Mindset-Avan\u00e7ado\"  width=\"400\" height=\"300\">                    <\/a>\r\n                                        <a class=\"course-readmore\" href=\"https:\/\/www.premiapao.com.br\/university\/cursos\/mindset\/\">Saiba Mais<\/a>\r\n                <\/div>\r\n\r\n                <div class=\"thim-course-content\">\r\n                                            \n<span class=\"course-instructor\">\n\t<a href=\"https:\/\/www.premiapao.com.br\/university\/instructor\/diretoria\/\">Diretores PremiaP\u00e3o<\/a><\/span>\n                        <h2 class=\"course-title\"><a href=\"https:\/\/www.premiapao.com.br\/university\/cursos\/mindset\/\" rel=\"bookmark\">Mindset Avan\u00e7ado<\/a><\/h2>                        <div class=\"course-meta\">\r\n                            \n<span class=\"course-instructor\">\n\t<a href=\"https:\/\/www.premiapao.com.br\/university\/instructor\/diretoria\/\">Diretores PremiaP\u00e3o<\/a><\/span>\n                                                        <div class=\"clearfix\"><\/div>\n<span class=\"course-students\">\n\n\t44\n<\/span>\n                                                                                <\/div>\r\n\r\n                        <div class=\"course-description\">\r\n                            <p>DESCRI\u00c7\u00c3O DO CURSO Nesse curso voc\u00ea vai aprender o essencial e fundamental sobre como funciona sua mente e quais t\u00e9cnicas e ferramentas voc\u00ea pode...<\/p>                        <\/div>\r\n                                                <div class=\"course-readmore\">\r\n                            <a href=\"https:\/\/www.premiapao.com.br\/university\/cursos\/mindset\/\">Saiba Mais<\/a>\r\n                        <\/div>\r\n                                    <\/div>\r\n\r\n            <\/div>\r\n                        <div class=\"course-item\">\r\n\r\n                <div class=\"course-thumbnail\">\r\n                    <a href=\"https:\/\/www.premiapao.com.br\/university\/cursos\/hangouts-premiapao\/\">\r\n                        <img src=\"https:\/\/www.premiapao.com.br\/university\/wp-content\/uploads\/2015\/08\/45412241-d922-4e53-87d1-a47a856e86fd-1-400x300.jpg\" alt=\"Lives PremiaP\u00e3o\" title=\"\"  width=\"400\" height=\"300\">                    <\/a>\r\n                                        <a class=\"course-readmore\" href=\"https:\/\/www.premiapao.com.br\/university\/cursos\/hangouts-premiapao\/\">Saiba Mais<\/a>\r\n                <\/div>\r\n\r\n                <div class=\"thim-course-content\">\r\n                                            \n<span class=\"course-instructor\">\n\t<a href=\"https:\/\/www.premiapao.com.br\/university\/instructor\/diretoria\/\">Diretores PremiaP\u00e3o<\/a><\/span>\n                        <h2 class=\"course-title\"><a href=\"https:\/\/www.premiapao.com.br\/university\/cursos\/hangouts-premiapao\/\" rel=\"bookmark\">Lives PremiaP\u00e3o<\/a><\/h2>                        <div class=\"course-meta\">\r\n                            \n<span class=\"course-instructor\">\n\t<a href=\"https:\/\/www.premiapao.com.br\/university\/instructor\/diretoria\/\">Diretores PremiaP\u00e3o<\/a><\/span>\n                                                        <div class=\"clearfix\"><\/div>\n<span class=\"course-students\">\n\n\t91\n<\/span>\n                                                                                <\/div>\r\n\r\n                        <div class=\"course-description\">\r\n                            <p>DESCRI\u00c7\u00c3O DO CURSO Os hangouts PremiaP\u00e3o s\u00e3o elaborados para oferecer um conte\u00fado de valor semanalmente para voc\u00ea! RESULTADOS DA APRENDIZAGEM Conte\u00fado de qualidade Material...<\/p>                        <\/div>\r\n                                                <div class=\"course-readmore\">\r\n                            <a href=\"https:\/\/www.premiapao.com.br\/university\/cursos\/hangouts-premiapao\/\">Saiba Mais<\/a>\r\n                        <\/div>\r\n                                    <\/div>\r\n\r\n            <\/div>\r\n                        <div class=\"course-item\">\r\n\r\n                <div class=\"course-thumbnail\">\r\n                    <a href=\"https:\/\/www.premiapao.com.br\/university\/cursos\/palestras-premiapo-experience-2017\/\">\r\n                        <img src=\"https:\/\/www.premiapao.com.br\/university\/wp-content\/uploads\/2015\/07\/Experience-2017-400x300.png\" alt=\"Palestras PremiaP\u00e3o Experience 2017\" title=\"Experience-2017\"  width=\"400\" height=\"300\">                    <\/a>\r\n                                        <a class=\"course-readmore\" href=\"https:\/\/www.premiapao.com.br\/university\/cursos\/palestras-premiapo-experience-2017\/\">Saiba Mais<\/a>\r\n                <\/div>\r\n\r\n                <div class=\"thim-course-content\">\r\n                                            \n<span class=\"course-instructor\">\n\t<a href=\"https:\/\/www.premiapao.com.br\/university\/instructor\/diretoria\/\">Diretores PremiaP\u00e3o<\/a><\/span>\n                        <h2 class=\"course-title\"><a href=\"https:\/\/www.premiapao.com.br\/university\/cursos\/palestras-premiapo-experience-2017\/\" rel=\"bookmark\">Palestras PremiaP\u00e3o Experience 2017<\/a><\/h2>                        <div class=\"course-meta\">\r\n                            \n<span class=\"course-instructor\">\n\t<a href=\"https:\/\/www.premiapao.com.br\/university\/instructor\/diretoria\/\">Diretores PremiaP\u00e3o<\/a><\/span>\n                                                        <div class=\"clearfix\"><\/div>\n<span class=\"course-students\">\n\n\t40\n<\/span>\n                                                                                <\/div>\r\n\r\n                        <div class=\"course-description\">\r\n                            <p>DESCRI\u00c7\u00c3O DO CURSO Conte\u00fado transformador das pelestras incr\u00edveis que vimos nesse evento. Confira aqui esse conte\u00fado que tem potencial de mudar drasticamente seus resultados...<\/p>                        <\/div>\r\n                                                <div class=\"course-readmore\">\r\n                            <a href=\"https:\/\/www.premiapao.com.br\/university\/cursos\/palestras-premiapo-experience-2017\/\">Saiba Mais<\/a>\r\n                        <\/div>\r\n                                    <\/div>\r\n\r\n            <\/div>\r\n                <\/div>\r\n    <\/div>[\/vc_column][\/vc_row]<\/p>\n","protected":false},"excerpt":{"rendered":"<p>[vc_row full_width=&#8221;stretch_row_content_no_spaces&#8221;][vc_column][rev_slider_vc alias=&#8221;home-languages-school&#8221;][\/vc_column][\/vc_row][vc_row el_class=&#8221;thim-global-locations&#8221; css=&#8221;.vc_custom_1474599409571{margin-right: 0px !important;margin-bottom: 60px !important;margin-left: 0px !important;}&#8221;][vc_column width=&#8221;1\/3&#8243; css=&#8221;.vc_custom_1471709478576{padding-right: 0px !important;padding-left: 0px !important;}&#8221;][\/vc_column][vc_column width=&#8221;1\/3&#8243; css=&#8221;.vc_custom_1471709692797{padding-right: 0px !important;padding-left: 0px !important;}&#8221;][\/vc_column][vc_column width=&#8221;1\/3&#8243; css=&#8221;.vc_custom_1471709705625{padding-right: 0px !important;padding-left: 0px !important;}&#8221;][\/vc_column][\/vc_row][vc_row css=&#8221;.vc_custom_1474599138210{margin-top: 30px !important;margin-bottom: 60px !important;}&#8221;][vc_column][\/vc_column][\/vc_row]<\/p>\n","protected":false},"author":820921,"featured_media":0,"parent":0,"menu_order":0,"comment_status":"closed","ping_status":"closed","template":"page-templates\/homepage.php","meta":{"_bbp_topic_count":0,"_bbp_reply_count":0,"_bbp_total_topic_count":0,"_bbp_total_reply_count":0,"_bbp_voice_count":0,"_bbp_anonymous_reply_count":0,"_bbp_topic_count_hidden":0,"_bbp_reply_count_hidden":0,"_bbp_forum_subforum_count":0,"pmpro_default_level":0},"_links":{"self":[{"href":"https:\/\/www.premiapao.com.br\/university\/wp-json\/wp\/v2\/pages\/5900"}],"collection":[{"href":"https:\/\/www.premiapao.com.br\/university\/wp-json\/wp\/v2\/pages"}],"about":[{"href":"https:\/\/www.premiapao.com.br\/university\/wp-json\/wp\/v2\/types\/page"}],"author":[{"embeddable":true,"href":"https:\/\/www.premiapao.com.br\/university\/wp-json\/wp\/v2\/users\/820921"}],"replies":[{"embeddable":true,"href":"https:\/\/www.premiapao.com.br\/university\/wp-json\/wp\/v2\/comments?post=5900"}],"version-history":[{"count":3,"href":"https:\/\/www.premiapao.com.br\/university\/wp-json\/wp\/v2\/pages\/5900\/revisions"}],"predecessor-version":[{"id":10515,"href":"https:\/\/www.premiapao.com.br\/university\/wp-json\/wp\/v2\/pages\/5900\/revisions\/10515"}],"wp:attachment":[{"href":"https:\/\/www.premiapao.com.br\/university\/wp-json\/wp\/v2\/media?parent=5900"}],"curies":[{"name":"wp","href":"https:\/\/api.w.org\/{rel}","templated":true}]}}